{"id":57,"date":"2024-03-07T16:13:29","date_gmt":"2024-03-07T19:13:29","guid":{"rendered":"https:\/\/modelosemanequins.com.br\/?page_id=57"},"modified":"2024-03-10T11:24:16","modified_gmt":"2024-03-10T14:24:16","slug":"parceiros","status":"publish","type":"page","link":"https:\/\/modelosemanequins.com.br\/?page_id=57","title":{"rendered":"Parceiros"},"content":{"rendered":"\n<figure class=\"wp-block-image size-full\"><img loading=\"lazy\" decoding=\"async\" width=\"1024\" height=\"341\" src=\"https:\/\/modelosemanequins.com.br\/wp-content\/uploads\/2024\/03\/aventura-slide-1500-x-500-2-1024x341-1.jpg\" alt=\"\" class=\"wp-image-292\"\/><\/figure>\n\n\n\n<p class=\"has-body-text-color has-text-color has-link-color wp-elements-cbb6bc9fb419c9eedaf68a16a6504498\">EclipseNY Models , tem de reconhecer que alguns trabalhos, sem nossas parcerias seria quase imposs\u00edveis sem nossas parcerias. Por isso, agradecemos todos os parceiros e amigos que est\u00e3o ajudando ao sucesso e realiza\u00e7\u00f5es de nossos projetos..<\/p>\n\n\n\n<p class=\"has-body-text-color has-text-color has-link-color wp-elements-ea994b087c499deab939144665d87c31\">Veja alguns desses parceiros:<\/p>\n","protected":false},"excerpt":{"rendered":"<p>EclipseNY Models , tem de reconhecer que alguns trabalhos, sem nossas parcerias seria quase imposs\u00edveis [&hellip;]<\/p>\n","protected":false},"author":1,"featured_media":0,"parent":0,"menu_order":0,"comment_status":"closed","ping_status":"closed","template":"","meta":{"_monsterinsights_skip_tracking":false,"_monsterinsights_sitenote_active":false,"_monsterinsights_sitenote_note":"","_monsterinsights_sitenote_category":0,"footnotes":""},"aioseo_notices":[],"_links":{"self":[{"href":"https:\/\/modelosemanequins.com.br\/index.php?rest_route=\/wp\/v2\/pages\/57"}],"collection":[{"href":"https:\/\/modelosemanequins.com.br\/index.php?rest_route=\/wp\/v2\/pages"}],"about":[{"href":"https:\/\/modelosemanequins.com.br\/index.php?rest_route=\/wp\/v2\/types\/page"}],"author":[{"embeddable":true,"href":"https:\/\/modelosemanequins.com.br\/index.php?rest_route=\/wp\/v2\/users\/1"}],"replies":[{"embeddable":true,"href":"https:\/\/modelosemanequins.com.br\/index.php?rest_route=%2Fwp%2Fv2%2Fcomments&post=57"}],"version-history":[{"count":3,"href":"https:\/\/modelosemanequins.com.br\/index.php?rest_route=\/wp\/v2\/pages\/57\/revisions"}],"predecessor-version":[{"id":293,"href":"https:\/\/modelosemanequins.com.br\/index.php?rest_route=\/wp\/v2\/pages\/57\/revisions\/293"}],"wp:attachment":[{"href":"https:\/\/modelosemanequins.com.br\/index.php?rest_route=%2Fwp%2Fv2%2Fmedia&parent=57"}],"curies":[{"name":"wp","href":"https:\/\/api.w.org\/{rel}","templated":true}]}}