{"id":56,"date":"2024-03-07T16:13:17","date_gmt":"2024-03-07T19:13:17","guid":{"rendered":"https:\/\/modelosemanequins.com.br\/?page_id=56"},"modified":"2024-03-10T11:16:15","modified_gmt":"2024-03-10T14:16:15","slug":"padroes","status":"publish","type":"page","link":"https:\/\/modelosemanequins.com.br\/?page_id=56","title":{"rendered":"Padr\u00f5es"},"content":{"rendered":"\n<figure class=\"wp-block-image size-full\"><img loading=\"lazy\" decoding=\"async\" width=\"1024\" height=\"341\" src=\"https:\/\/modelosemanequins.com.br\/wp-content\/uploads\/2024\/03\/38.jpg\" alt=\"\" class=\"wp-image-281\"\/><\/figure>\n\n\n\n<p class=\"has-body-text-color has-text-color has-link-color wp-elements-28221ce0b62576c3ac4904c962c3e191\">Padr\u00f5es para Manequim.<\/p>\n\n\n\n<p class=\"has-body-text-color has-text-color has-link-color wp-elements-9a4fec926d4815c047bcd8b17a108b3a\">a) A ag\u00eancia aceita em seu elenco: crian\u00e7as, jovens e adultos, tanto homens, como mulheres, de qualquer ra\u00e7a, cor e credo, fatores dos quais n\u00e3o faz distin\u00e7\u00e3o.<\/p>\n\n\n\n<p class=\"has-body-text-color has-text-color has-link-color wp-elements-e780b74d1b6828fe91c0e7b6cfbdb01f\">b) Por exig\u00eancia do mercado internacional, a altura m\u00ednima exigida para manequim \u00e9 acima de 1.70 m e o manequim entre os n\u00fameros 38 e 40.<\/p>\n\n\n\n<p class=\"has-body-text-color has-text-color has-link-color wp-elements-280b5dc046dde3508efd18e60ad6366f\">Padr\u00f5es para Modelo Fotogr\u00e1fico.<\/p>\n\n\n\n<p class=\"has-body-text-color has-text-color has-link-color wp-elements-d2f0cce34082c829cccaff80812c6671\">a) Conforme exemplo anterior a ag\u00eancia aceita em seu elenco: crian\u00e7as, jovens e adultos, tanto homens, como mulheres, de qualquer ra\u00e7a, peso e altura, cor e credo, fatores dos quais n\u00e3o faz distin\u00e7\u00e3o, a unica exig\u00eancia \u00e9 que seja simp\u00e1tica e fotog\u00eanica, e que tenha algo que desperte a aten\u00e7\u00e3o do agenciador ou dos ca\u00e7a talentos.<\/p>\n\n\n\n<p class=\"has-body-text-color has-text-color has-link-color wp-elements-52c3d2f1b8b1666b4d9674b6854f0714\">Padr\u00f5es Gerais para Modelo e Manequim.<\/p>\n\n\n\n<p class=\"has-body-text-color has-text-color has-link-color wp-elements-f5f4285634e4fdc86ee9b8cdfa81bca0\">1) Peso: Existe um mecanismo para estabelecer se voc\u00ea est\u00e1 ou n\u00e3o dentro dos padr\u00f5es.<\/p>\n\n\n\n<p class=\"has-body-text-color has-text-color has-link-color wp-elements-76ff240f8ef3c3bdf360be5f07fcde19\">a) Peso m\u00ednimo: Pegue a altura diminua dela 1.20 o resultado \u00e9 o seu peso m\u00ednimo.<br>b) Peso m\u00e1ximo: Pegue a altura diminua dela 1.10 o resultado \u00e9 o seu peso m\u00e1ximo.<br>c) Peso ideal: Pegue a altura diminua dela 1.15 o resultado \u00e9 o seu peso ideal.<\/p>\n\n\n\n<p class=\"has-body-text-color has-text-color has-link-color wp-elements-f6f8a32a61a34e0d4c9132fac09d8c92\">2) Cabelos: N\u00e3o existem regras, mas tem que ser bem cuidados.<\/p>\n\n\n\n<p class=\"has-body-text-color has-text-color has-link-color wp-elements-1308bfc795c0112adc0620fb4a224c9b\">3) Dentes: Seus dentes dever\u00e3o ser perfeitos, n\u00e3o poder\u00e1 ter manchas ou obtura\u00e7\u00f5es na parte frontal. Caso voc\u00ea use aparelhos de corre\u00e7\u00e3o ele deve ser do tipo que pode ser retirado nas ocasi\u00f5es em que voc\u00ea precisar realizar algum trabalho.<\/p>\n\n\n\n<p class=\"has-body-text-color has-text-color has-link-color wp-elements-8d173c62c602a38115aa6c5505ca4475\">4) Cicatriz: A ag\u00eancia pode aceitar modelos com pequenas cicatrizes, dependendo do formato e tamanho, e onde est\u00e3o localizadas.<\/p>\n\n\n\n<p class=\"has-body-text-color has-text-color has-link-color wp-elements-61fbcfac435edf74f44b07fc22d36cbe\">5) Tatuagem: N\u00e3o tem problema.<\/p>\n\n\n\n<p class=\"has-body-text-color has-text-color has-link-color wp-elements-d580a3e9c8738fafed364ebeafb0ad20\">6) Celulite: Estria ou, manchas na pele: Em qualquer destes casos a ag\u00eancia far\u00e1 uma pr\u00e9via avalia\u00e7\u00e3o pois dependendo do grau de intensidade e localiza\u00e7\u00e3o. Estes aspectos n\u00e3o EXCLUEM um modelo de qualquer ag\u00eancia mas limitam a realiza\u00e7\u00e3o de trabalhos como fotos de mai\u00f4, biqu\u00edni e lingerie por exemplo.<\/p>\n\n\n\n<p class=\"has-body-text-color has-text-color has-link-color wp-elements-10b7cb5415e08b62282974a91b422d0a\">7) M\u00e3os e Unhas: As unhas e m\u00e3os devem estar bem cuidadas. Se for do tipo que \u201cro\u00ea unhas\u201d, esta com grande problema.<\/p>\n","protected":false},"excerpt":{"rendered":"<p>Padr\u00f5es para Manequim. a) A ag\u00eancia aceita em seu elenco: crian\u00e7as, jovens e adultos, tanto [&hellip;]<\/p>\n","protected":false},"author":1,"featured_media":0,"parent":0,"menu_order":0,"comment_status":"closed","ping_status":"closed","template":"","meta":{"_monsterinsights_skip_tracking":false,"_monsterinsights_sitenote_active":false,"_monsterinsights_sitenote_note":"","_monsterinsights_sitenote_category":0,"footnotes":""},"aioseo_notices":[],"_links":{"self":[{"href":"https:\/\/modelosemanequins.com.br\/index.php?rest_route=\/wp\/v2\/pages\/56"}],"collection":[{"href":"https:\/\/modelosemanequins.com.br\/index.php?rest_route=\/wp\/v2\/pages"}],"about":[{"href":"https:\/\/modelosemanequins.com.br\/index.php?rest_route=\/wp\/v2\/types\/page"}],"author":[{"embeddable":true,"href":"https:\/\/modelosemanequins.com.br\/index.php?rest_route=\/wp\/v2\/users\/1"}],"replies":[{"embeddable":true,"href":"https:\/\/modelosemanequins.com.br\/index.php?rest_route=%2Fwp%2Fv2%2Fcomments&post=56"}],"version-history":[{"count":4,"href":"https:\/\/modelosemanequins.com.br\/index.php?rest_route=\/wp\/v2\/pages\/56\/revisions"}],"predecessor-version":[{"id":282,"href":"https:\/\/modelosemanequins.com.br\/index.php?rest_route=\/wp\/v2\/pages\/56\/revisions\/282"}],"wp:attachment":[{"href":"https:\/\/modelosemanequins.com.br\/index.php?rest_route=%2Fwp%2Fv2%2Fmedia&parent=56"}],"curies":[{"name":"wp","href":"https:\/\/api.w.org\/{rel}","templated":true}]}}