{"id":55,"date":"2024-03-07T16:13:04","date_gmt":"2024-03-07T19:13:04","guid":{"rendered":"https:\/\/modelosemanequins.com.br\/?page_id=55"},"modified":"2024-03-10T11:33:19","modified_gmt":"2024-03-10T14:33:19","slug":"vantagens","status":"publish","type":"page","link":"https:\/\/modelosemanequins.com.br\/?page_id=55","title":{"rendered":"Vantagens"},"content":{"rendered":"\n<figure class=\"wp-block-image size-full\"><img loading=\"lazy\" decoding=\"async\" width=\"1024\" height=\"341\" src=\"https:\/\/modelosemanequins.com.br\/wp-content\/uploads\/2024\/03\/empresas-1500-x-500-1024x341-1.jpg\" alt=\"\" class=\"wp-image-303\"\/><\/figure>\n\n\n\n<p class=\"has-body-text-color has-text-color has-link-color wp-elements-4b8cb38b018f89c92f3010ae9e03cb19\">A grande vantagem de contratar os servi\u00e7os da Eclipse Photo Agency New York, juntamente com as modelos da EclipseNY Models \u00e9 muito simples.<\/p>\n\n\n\n<p class=\"has-body-text-color has-text-color has-link-color wp-elements-ec5ece10c67aeac31eb85db2f442d255\">Vamos dar como exemplo uma publicidade de uma loja ou de um restaurante. O servi\u00e7o seria para fazer o site, flyer, cart\u00e3o, face book, etc\u2026 Nesse caso, o cliente contrata uma produtora, uma agencia de modelos, um fot\u00f3grafo, uma agencia de publicidade e por ai em diante. Isso quer dizer um custo para v\u00e1rias partes do trabalho.<\/p>\n\n\n\n<p class=\"has-body-text-color has-text-color has-link-color wp-elements-f869c20f00dcfbe7171e913a56cda2dd\">Ao contratar nossa empresa, j\u00e1 temos a produ\u00e7\u00e3o de Marina Coutinho Produ\u00e7\u00f5es, que \u00e9 uma empresa associada a Eclipse Photo Agency New York, j\u00e1 temos nossa equipe de fot\u00f3grafos profissionais, dirigida pelo Fot\u00f3grafo Internacional JC Volot\u00e3o, o nosso casting de modelos profissionais, etc\u2026<\/p>\n\n\n\n<p class=\"has-body-text-color has-text-color has-link-color wp-elements-ae18a821fb3bd1ee54231274b6dd0cf8\">Com isso certamente poderemos disputar or\u00e7amentos com qualquer EMPRESA PROFISSIONAL. O importante para o cliente \u00e9 que ele estar\u00e1 contratando apenas com nossa empresa.<\/p>\n","protected":false},"excerpt":{"rendered":"<p>A grande vantagem de contratar os servi\u00e7os da Eclipse Photo Agency New York, juntamente com [&hellip;]<\/p>\n","protected":false},"author":1,"featured_media":0,"parent":0,"menu_order":0,"comment_status":"closed","ping_status":"closed","template":"","meta":{"_monsterinsights_skip_tracking":false,"_monsterinsights_sitenote_active":false,"_monsterinsights_sitenote_note":"","_monsterinsights_sitenote_category":0,"footnotes":""},"aioseo_notices":[],"_links":{"self":[{"href":"https:\/\/modelosemanequins.com.br\/index.php?rest_route=\/wp\/v2\/pages\/55"}],"collection":[{"href":"https:\/\/modelosemanequins.com.br\/index.php?rest_route=\/wp\/v2\/pages"}],"about":[{"href":"https:\/\/modelosemanequins.com.br\/index.php?rest_route=\/wp\/v2\/types\/page"}],"author":[{"embeddable":true,"href":"https:\/\/modelosemanequins.com.br\/index.php?rest_route=\/wp\/v2\/users\/1"}],"replies":[{"embeddable":true,"href":"https:\/\/modelosemanequins.com.br\/index.php?rest_route=%2Fwp%2Fv2%2Fcomments&post=55"}],"version-history":[{"count":3,"href":"https:\/\/modelosemanequins.com.br\/index.php?rest_route=\/wp\/v2\/pages\/55\/revisions"}],"predecessor-version":[{"id":304,"href":"https:\/\/modelosemanequins.com.br\/index.php?rest_route=\/wp\/v2\/pages\/55\/revisions\/304"}],"wp:attachment":[{"href":"https:\/\/modelosemanequins.com.br\/index.php?rest_route=%2Fwp%2Fv2%2Fmedia&parent=55"}],"curies":[{"name":"wp","href":"https:\/\/api.w.org\/{rel}","templated":true}]}}