{"id":49,"date":"2024-03-07T16:12:26","date_gmt":"2024-03-07T19:12:26","guid":{"rendered":"https:\/\/modelosemanequins.com.br\/?page_id=49"},"modified":"2024-03-10T11:13:57","modified_gmt":"2024-03-10T14:13:57","slug":"importante","status":"publish","type":"page","link":"https:\/\/modelosemanequins.com.br\/?page_id=49","title":{"rendered":"Importante"},"content":{"rendered":"\n<h2 class=\"wp-block-heading\">Informa\u00e7\u00f5es Indispens\u00e1veis<\/h2>\n\n\n\n<figure class=\"wp-block-image size-full\"><img loading=\"lazy\" decoding=\"async\" width=\"1024\" height=\"341\" src=\"https:\/\/modelosemanequins.com.br\/wp-content\/uploads\/2024\/03\/anuncie-1500-x-500-1-1024x341-1.jpg\" alt=\"\" class=\"wp-image-277\"\/><\/figure>\n\n\n\n<p class=\"has-body-text-color has-text-color has-link-color wp-elements-4a0ba57653387ff2805676d31c27c46f\">Algumas condi\u00e7\u00f5es, como padr\u00e3o de medidas, s\u00e3o necess\u00e1rias e indispens\u00e1veis para o ingresso de modelos fotogr\u00e1ficos ou manequins em uma dessas respectivas carreiras. A primeira coisa que voc\u00ea tem que saber \u00e9 que existe uma enorme diferen\u00e7a entre&nbsp;<strong>MODELO FOTOGR\u00c1FICO&nbsp;<\/strong>e<strong>&nbsp;MANEQUIM<\/strong>, o que normalmente \u00e9 confundido pelo p\u00fablico.<\/p>\n\n\n\n<p class=\"has-body-text-color has-text-color has-link-color wp-elements-2651c5835bf15d9551abb9277f8fa860\"><strong>MODELOS<\/strong>:<\/p>\n\n\n\n<p class=\"has-body-text-color has-text-color has-link-color wp-elements-781072d1d257073225d222fdb9e50ea6\">Por outro lado para a carreira de modelo fotogr\u00e1fico n\u00e3o existe uma altura padr\u00e3o muito menos medidas r\u00edgidas de manequins, para modelo fotogr\u00e1fico o importante \u00e9 apenas um conjunto em harmonia ou seja ter simpatia, ser fotog\u00eanica , e ter algo que desperte a aten\u00e7\u00e3o e a curiosidade do agenciador ou dos ca\u00e7a talentos.<\/p>\n\n\n\n<p class=\"has-body-text-color has-text-color has-link-color wp-elements-a3e4fe9629392194ce31caebc5d1c4c0\"><strong>MANEQUIM<\/strong>:<\/p>\n\n\n\n<p class=\"has-body-text-color has-text-color has-link-color wp-elements-3b2ee80e90b5b76b46fe50aa17142132\">S\u00e3o utilizados no mercado da moda para desfiles e nada mais, ou seja: a carreira de manequim \u00e9 na passarela, a n\u00e3o ser para fotos de moda em revistas \u201cFASHION\u201d. S\u00e3o raras as manequins que re\u00fanem versatilidade suficiente para seguir as duas carreiras de manequins e modelos, como \u00e9 o caso de Cindy Crawford, Naomi Campbell, Claudia Schiffer e Linda Evangelista de n\u00edvel internacional e no&nbsp;<strong>BRASIL<\/strong>, Claudia Liz, Shirley Malmann, Gisele Bundchen, entre outras. Estas raridades s\u00e3o identificadas como&nbsp;<strong>TOP MODELS<\/strong>.<\/p>\n\n\n\n<p class=\"has-body-text-color has-text-color has-link-color wp-elements-4f2e6a0eb37e6abd50c025e0020beadd\"><strong>MUITA ATEN\u00c7\u00c3O<\/strong>:<\/p>\n\n\n\n<p class=\"has-body-text-color has-text-color has-link-color wp-elements-dbf687099861a9bef282543ac41688cf\">Se algum dia, voc\u00ea chegou na porta de uma agencia e algu\u00e9m lhe disse que para ser modelo a altura minima \u00e9 1.70 m ou que voc\u00ea tem que emagrecer uns \u201cquilinhos\u201d, certamente esta agencia n\u00e3o tem nenhum interesse em inclu\u00ed-la no seu elenco, e para n\u00e3o dizer \u201c<strong>VOC\u00ca N\u00c3O SERVE<\/strong>\u201d prefere dar esta desculpa. Se para ser modelo fotogr\u00e1fico&nbsp;<strong>ALTURA<\/strong>&nbsp;e o&nbsp;<strong>MANEQUIM<\/strong>&nbsp;determinasse alguma coisa Mila Cristhie, Mait\u00ea Pro\u00eanca, Luciana Vendramini e principalmente a super Bruna Lombard com seus pouco mais de 1.60 m jamais seriam as modelos mais fotografadas do Brasil.<\/p>\n\n\n\n<p class=\"has-body-text-color has-text-color has-link-color wp-elements-5fcab5cc6f51d640f337815a244d23e4\">Por quest\u00e3o de mercado a&nbsp;<strong>EclipseNY Models&nbsp;<\/strong>tem necessidade de trabalhar com dois princ\u00edpios na sele\u00e7\u00e3o e apresenta\u00e7\u00e3o das modelos e manequins, mas tendo como base os padr\u00f5es e procedimentos adotados internacionalmente, e levando em considera\u00e7\u00e3o: profissionais para o mercado americano, europeu, japon\u00eas e brasileiro, isto porque somos uma ag\u00eancia americana.<\/p>\n\n\n\n<p class=\"has-body-text-color has-text-color has-link-color wp-elements-e5b7b71b8faf918a97ff175261059530\">Quem pretende seguir a carreira de manequim precisa ter conhecimento de que para pisar numa passarela, \u00e9 fundamental que voc\u00ea tenha acima de 1.70 m. de altura e seu manequim seja no m\u00ednimo 38 e em rar\u00edssimos casos 40 em fun\u00e7\u00e3o da altura.<\/p>\n","protected":false},"excerpt":{"rendered":"<p>Informa\u00e7\u00f5es Indispens\u00e1veis Algumas condi\u00e7\u00f5es, como padr\u00e3o de medidas, s\u00e3o necess\u00e1rias e indispens\u00e1veis para o ingresso [&hellip;]<\/p>\n","protected":false},"author":1,"featured_media":0,"parent":0,"menu_order":0,"comment_status":"closed","ping_status":"closed","template":"","meta":{"_monsterinsights_skip_tracking":false,"_monsterinsights_sitenote_active":false,"_monsterinsights_sitenote_note":"","_monsterinsights_sitenote_category":0,"footnotes":""},"aioseo_notices":[],"_links":{"self":[{"href":"https:\/\/modelosemanequins.com.br\/index.php?rest_route=\/wp\/v2\/pages\/49"}],"collection":[{"href":"https:\/\/modelosemanequins.com.br\/index.php?rest_route=\/wp\/v2\/pages"}],"about":[{"href":"https:\/\/modelosemanequins.com.br\/index.php?rest_route=\/wp\/v2\/types\/page"}],"author":[{"embeddable":true,"href":"https:\/\/modelosemanequins.com.br\/index.php?rest_route=\/wp\/v2\/users\/1"}],"replies":[{"embeddable":true,"href":"https:\/\/modelosemanequins.com.br\/index.php?rest_route=%2Fwp%2Fv2%2Fcomments&post=49"}],"version-history":[{"count":4,"href":"https:\/\/modelosemanequins.com.br\/index.php?rest_route=\/wp\/v2\/pages\/49\/revisions"}],"predecessor-version":[{"id":278,"href":"https:\/\/modelosemanequins.com.br\/index.php?rest_route=\/wp\/v2\/pages\/49\/revisions\/278"}],"wp:attachment":[{"href":"https:\/\/modelosemanequins.com.br\/index.php?rest_route=%2Fwp%2Fv2%2Fmedia&parent=49"}],"curies":[{"name":"wp","href":"https:\/\/api.w.org\/{rel}","templated":true}]}}