{"id":48,"date":"2024-03-07T16:12:15","date_gmt":"2024-03-07T19:12:15","guid":{"rendered":"https:\/\/modelosemanequins.com.br\/?page_id=48"},"modified":"2024-03-10T11:11:40","modified_gmt":"2024-03-10T14:11:40","slug":"fotografos","status":"publish","type":"page","link":"https:\/\/modelosemanequins.com.br\/?page_id=48","title":{"rendered":"Fot\u00f3grafos"},"content":{"rendered":"\n<figure class=\"wp-block-image size-full\"><img loading=\"lazy\" decoding=\"async\" width=\"1024\" height=\"341\" src=\"https:\/\/modelosemanequins.com.br\/wp-content\/uploads\/2024\/03\/sobrer-1500-x-500-1-1024x341-1.jpg\" alt=\"\" class=\"wp-image-274\"\/><\/figure>\n\n\n\n<p class=\"has-body-text-color has-text-color has-link-color wp-elements-e3f6f2fa01bd332d32b3935a60b3d66d\">FOT\u00d3GRAFOS CREDENCIADOS:<\/p>\n\n\n\n<p class=\"has-body-text-color has-text-color has-link-color wp-elements-af618ca6b11c3def48c322bdab0aec9b\">Os Fot\u00f3grafos abaixo, s\u00e3o credenciados para FOTOGRAFAR BOOKS. Exemplos de seus trabalhos, podem ser vistos clicando a foto de cada um.<\/p>\n\n\n\n<p class=\"has-body-text-color has-text-color has-link-color wp-elements-46570b04f952ca63668c92fc9247dbb4\">O valor cobrado, tipo de servi\u00e7o, entrega, \u00e9 de responsabilidade de cada Fot\u00f3grafo, ele apenas s\u00e3o credenciados para fotografar os books e indicar os modelos. Tamb\u00e9m n\u00e3o est\u00e3o autorizados para oferecer trabalhos para os modelos em nome da EclipseNY Models.<\/p>\n\n\n\n<p class=\"has-body-text-color has-text-color has-link-color wp-elements-c3b44b25077e9d7ec618fea9a02ce16e\">Todos os detalhes e um pequeno contrato ser\u00e1 enviado a voc\u00ea.<\/p>\n\n\n\n<p class=\"has-body-text-color has-text-color has-link-color wp-elements-33dabb00234fe7ec3b31b8c8101279f2\">Caso seja menor de idade os respons\u00e1veis dever\u00e1 assinar.<\/p>\n\n\n\n<p class=\"has-body-text-color has-text-color has-link-color wp-elements-7ade21bca82a62e8849e9323004e4ea8\">Quer ser Fot\u00f3grafo Credenciado da EclipseNY Models? Entre em contato.<\/p>\n","protected":false},"excerpt":{"rendered":"<p>FOT\u00d3GRAFOS CREDENCIADOS: Os Fot\u00f3grafos abaixo, s\u00e3o credenciados para FOTOGRAFAR BOOKS. Exemplos de seus trabalhos, podem [&hellip;]<\/p>\n","protected":false},"author":1,"featured_media":0,"parent":0,"menu_order":0,"comment_status":"closed","ping_status":"closed","template":"","meta":{"_monsterinsights_skip_tracking":false,"_monsterinsights_sitenote_active":false,"_monsterinsights_sitenote_note":"","_monsterinsights_sitenote_category":0,"footnotes":""},"aioseo_notices":[],"_links":{"self":[{"href":"https:\/\/modelosemanequins.com.br\/index.php?rest_route=\/wp\/v2\/pages\/48"}],"collection":[{"href":"https:\/\/modelosemanequins.com.br\/index.php?rest_route=\/wp\/v2\/pages"}],"about":[{"href":"https:\/\/modelosemanequins.com.br\/index.php?rest_route=\/wp\/v2\/types\/page"}],"author":[{"embeddable":true,"href":"https:\/\/modelosemanequins.com.br\/index.php?rest_route=\/wp\/v2\/users\/1"}],"replies":[{"embeddable":true,"href":"https:\/\/modelosemanequins.com.br\/index.php?rest_route=%2Fwp%2Fv2%2Fcomments&post=48"}],"version-history":[{"count":3,"href":"https:\/\/modelosemanequins.com.br\/index.php?rest_route=\/wp\/v2\/pages\/48\/revisions"}],"predecessor-version":[{"id":275,"href":"https:\/\/modelosemanequins.com.br\/index.php?rest_route=\/wp\/v2\/pages\/48\/revisions\/275"}],"wp:attachment":[{"href":"https:\/\/modelosemanequins.com.br\/index.php?rest_route=%2Fwp%2Fv2%2Fmedia&parent=48"}],"curies":[{"name":"wp","href":"https:\/\/api.w.org\/{rel}","templated":true}]}}