{"id":44,"date":"2024-03-07T16:10:40","date_gmt":"2024-03-07T19:10:40","guid":{"rendered":"https:\/\/modelosemanequins.com.br\/?page_id=44"},"modified":"2024-03-10T10:47:37","modified_gmt":"2024-03-10T13:47:37","slug":"composit","status":"publish","type":"page","link":"https:\/\/modelosemanequins.com.br\/?page_id=44","title":{"rendered":"Composit"},"content":{"rendered":"\n<figure class=\"wp-block-image size-full\"><img loading=\"lazy\" decoding=\"async\" width=\"1024\" height=\"341\" src=\"https:\/\/modelosemanequins.com.br\/wp-content\/uploads\/2024\/03\/IMG_0130.jpg\" alt=\"\" class=\"wp-image-244\"\/><\/figure>\n\n\n\n<p class=\"has-body-text-color has-text-color has-link-color wp-elements-d1a0b096614dd3648df77e5dd1c6b80d\">Abaixo voc\u00ea poder\u00e1 ver 3 exemplos de composits.<\/p>\n\n\n\n<p class=\"has-body-text-color has-text-color has-link-color wp-elements-c2c58daab9fafdb530a12f912550f14f\">Nosso trabalho \u00e9 diferente das outras agencias e produtoras, geralmente eles cobram um valor por um certo n\u00famero de composits ampliados, ou seja: 40 composits por R$ 350,00, e caso queira mais 40 composits, tem que pagar novamente R$ 350,00 (s\u00e3o outras agencias).<\/p>\n\n\n\n<p class=\"has-body-text-color has-text-color has-link-color wp-elements-55bc2a245efebcc11cb3c1730e5a9049\">No nosso caso funciona da seguinte maneira, R$ 115,00 pelo ORIGINAL em um CD, ou seja: Voc\u00ea paga apenas uma vez pelo ORIGINAL e depois basta ir fazendo as amplia\u00e7\u00f5es em qualquer loja de revela\u00e7\u00e3o de fotos.<\/p>\n\n\n\n<p><\/p>\n\n\n\n<figure class=\"wp-block-image aligncenter size-full\"><img loading=\"lazy\" decoding=\"async\" width=\"595\" height=\"425\" src=\"https:\/\/modelosemanequins.com.br\/wp-content\/uploads\/2024\/03\/01-1.jpg\" alt=\"\" class=\"wp-image-245\"\/><\/figure>\n\n\n\n<figure class=\"wp-block-image aligncenter size-full\"><img loading=\"lazy\" decoding=\"async\" width=\"595\" height=\"425\" src=\"https:\/\/modelosemanequins.com.br\/wp-content\/uploads\/2024\/03\/02-1.jpg\" alt=\"\" class=\"wp-image-247\"\/><\/figure>\n\n\n\n<figure class=\"wp-block-image aligncenter size-full\"><img loading=\"lazy\" decoding=\"async\" width=\"595\" height=\"425\" src=\"https:\/\/modelosemanequins.com.br\/wp-content\/uploads\/2024\/03\/03.jpg\" alt=\"\" class=\"wp-image-248\"\/><\/figure>\n","protected":false},"excerpt":{"rendered":"<p>Abaixo voc\u00ea poder\u00e1 ver 3 exemplos de composits. Nosso trabalho \u00e9 diferente das outras agencias [&hellip;]<\/p>\n","protected":false},"author":1,"featured_media":0,"parent":0,"menu_order":0,"comment_status":"closed","ping_status":"closed","template":"","meta":{"_monsterinsights_skip_tracking":false,"_monsterinsights_sitenote_active":false,"_monsterinsights_sitenote_note":"","_monsterinsights_sitenote_category":0,"footnotes":""},"aioseo_notices":[],"_links":{"self":[{"href":"https:\/\/modelosemanequins.com.br\/index.php?rest_route=\/wp\/v2\/pages\/44"}],"collection":[{"href":"https:\/\/modelosemanequins.com.br\/index.php?rest_route=\/wp\/v2\/pages"}],"about":[{"href":"https:\/\/modelosemanequins.com.br\/index.php?rest_route=\/wp\/v2\/types\/page"}],"author":[{"embeddable":true,"href":"https:\/\/modelosemanequins.com.br\/index.php?rest_route=\/wp\/v2\/users\/1"}],"replies":[{"embeddable":true,"href":"https:\/\/modelosemanequins.com.br\/index.php?rest_route=%2Fwp%2Fv2%2Fcomments&post=44"}],"version-history":[{"count":4,"href":"https:\/\/modelosemanequins.com.br\/index.php?rest_route=\/wp\/v2\/pages\/44\/revisions"}],"predecessor-version":[{"id":250,"href":"https:\/\/modelosemanequins.com.br\/index.php?rest_route=\/wp\/v2\/pages\/44\/revisions\/250"}],"wp:attachment":[{"href":"https:\/\/modelosemanequins.com.br\/index.php?rest_route=%2Fwp%2Fv2%2Fmedia&parent=44"}],"curies":[{"name":"wp","href":"https:\/\/api.w.org\/{rel}","templated":true}]}}