{"id":40,"date":"2024-03-07T16:10:01","date_gmt":"2024-03-07T19:10:01","guid":{"rendered":"https:\/\/modelosemanequins.com.br\/?page_id=40"},"modified":"2024-03-10T14:00:08","modified_gmt":"2024-03-10T17:00:08","slug":"book","status":"publish","type":"page","link":"https:\/\/modelosemanequins.com.br\/?page_id=40","title":{"rendered":"Book"},"content":{"rendered":"\n<figure class=\"wp-block-image size-full\"><img loading=\"lazy\" decoding=\"async\" width=\"1024\" height=\"341\" src=\"https:\/\/modelosemanequins.com.br\/wp-content\/uploads\/2024\/03\/servicos-1500-x-500-2-1024x341-1.jpg\" alt=\"\" class=\"wp-image-129\"\/><\/figure>\n\n\n\n<p class=\"has-body-text-color has-text-color has-link-color wp-elements-506488f9aca54fde53e0cf3a0c491a84\">VOC\u00ca N\u00c3O TEM BOOK?<\/p>\n\n\n\n<p class=\"has-body-text-color has-text-color has-link-color wp-elements-88536fb077dafd26fe42ea523e6637c0\">Mora no Rio de Janeiro ou Belo Horizonte?<\/p>\n\n\n\n<p class=\"has-body-text-color has-text-color has-link-color wp-elements-67d2404c18e5033951c295941901595b\">BOOK PROFISSIONAL<\/p>\n\n\n\n<p class=\"has-body-text-color has-text-color has-link-color wp-elements-8e2ed9331d4601b187b2ce3ef83fff44\">Essa promo\u00e7\u00e3o \u00e9 principalmente para Belo Horizonte e Rio de Janeiro. Para moradores de outras cidades e estados, favor entrar em contato para fecharmos algo interessante para ambas as partes.<\/p>\n\n\n\n<p class=\"has-body-text-color has-text-color has-link-color wp-elements-154e59af50e764c962258c18f08addb6\">Caso voc\u00ea n\u00e3o tenha book, n\u00e3o se preocupe, pois nossa equipe resolver\u00e1 o seu problema. Podemos preparar o seu book com um custo especial.<\/p>\n\n\n\n<figure class=\"wp-block-embed is-type-video is-provider-youtube wp-block-embed-youtube wp-embed-aspect-16-9 wp-has-aspect-ratio\"><div class=\"wp-block-embed__wrapper\">\n<iframe loading=\"lazy\" title=\"FOTO VIDEO BOOK de CRISTINA por JC VOLOT\u00c3O\" width=\"500\" height=\"281\" src=\"https:\/\/www.youtube.com\/embed\/vlshBkD0Bm0?feature=oembed\" frameborder=\"0\" allow=\"accelerometer; autoplay; clipboard-write; encrypted-media; gyroscope; picture-in-picture; web-share\" allowfullscreen><\/iframe>\n<\/div><\/figure>\n\n\n\n<figure class=\"wp-block-embed is-type-video is-provider-youtube wp-block-embed-youtube wp-embed-aspect-16-9 wp-has-aspect-ratio\"><div class=\"wp-block-embed__wrapper\">\n<iframe loading=\"lazy\" title=\"FOTO VIDEO BOOK de RENAN por JC VOLOT\u00c2O\" width=\"500\" height=\"281\" src=\"https:\/\/www.youtube.com\/embed\/wUwzBAg90f0?feature=oembed\" frameborder=\"0\" allow=\"accelerometer; autoplay; clipboard-write; encrypted-media; gyroscope; picture-in-picture; web-share\" allowfullscreen><\/iframe>\n<\/div><\/figure>\n","protected":false},"excerpt":{"rendered":"<p>VOC\u00ca N\u00c3O TEM BOOK? Mora no Rio de Janeiro ou Belo Horizonte? BOOK PROFISSIONAL Essa [&hellip;]<\/p>\n","protected":false},"author":1,"featured_media":0,"parent":0,"menu_order":0,"comment_status":"closed","ping_status":"closed","template":"","meta":{"_monsterinsights_skip_tracking":false,"_monsterinsights_sitenote_active":false,"_monsterinsights_sitenote_note":"","_monsterinsights_sitenote_category":0,"footnotes":""},"aioseo_notices":[],"_links":{"self":[{"href":"https:\/\/modelosemanequins.com.br\/index.php?rest_route=\/wp\/v2\/pages\/40"}],"collection":[{"href":"https:\/\/modelosemanequins.com.br\/index.php?rest_route=\/wp\/v2\/pages"}],"about":[{"href":"https:\/\/modelosemanequins.com.br\/index.php?rest_route=\/wp\/v2\/types\/page"}],"author":[{"embeddable":true,"href":"https:\/\/modelosemanequins.com.br\/index.php?rest_route=\/wp\/v2\/users\/1"}],"replies":[{"embeddable":true,"href":"https:\/\/modelosemanequins.com.br\/index.php?rest_route=%2Fwp%2Fv2%2Fcomments&post=40"}],"version-history":[{"count":6,"href":"https:\/\/modelosemanequins.com.br\/index.php?rest_route=\/wp\/v2\/pages\/40\/revisions"}],"predecessor-version":[{"id":323,"href":"https:\/\/modelosemanequins.com.br\/index.php?rest_route=\/wp\/v2\/pages\/40\/revisions\/323"}],"wp:attachment":[{"href":"https:\/\/modelosemanequins.com.br\/index.php?rest_route=%2Fwp%2Fv2%2Fmedia&parent=40"}],"curies":[{"name":"wp","href":"https:\/\/api.w.org\/{rel}","templated":true}]}}