{"id":34,"date":"2024-03-07T16:08:43","date_gmt":"2024-03-07T19:08:43","guid":{"rendered":"https:\/\/modelosemanequins.com.br\/?page_id=34"},"modified":"2024-03-10T10:52:08","modified_gmt":"2024-03-10T13:52:08","slug":"credenciamento","status":"publish","type":"page","link":"https:\/\/modelosemanequins.com.br\/?page_id=34","title":{"rendered":"Credenciamento"},"content":{"rendered":"\n<figure class=\"wp-block-image size-full\"><img loading=\"lazy\" decoding=\"async\" width=\"1024\" height=\"341\" src=\"https:\/\/modelosemanequins.com.br\/wp-content\/uploads\/2024\/03\/modelseclipseny.jpg\" alt=\"\" class=\"wp-image-255\"\/><\/figure>\n\n\n\n<p class=\"has-body-text-color has-text-color has-link-color wp-elements-74bd492bf6c7020f87377d51fa9e17f9\">Para fazer o credenciamento \u00e9 f\u00e1cil, voc\u00ea ter\u00e1 que ter uma aprova\u00e7\u00e3o e enviar algumas fotos para analisarmos. Veja mais detalhes em&nbsp;<strong>COMO SER<\/strong>. Voc\u00ea pode ser profissional ou amador. Precisamos de 15 fotos PROFISSIONAIS para colocarmos no site da ag\u00eancia, voc\u00ea ter\u00e1 uma p\u00e1gina online com 10 fotos e seus dados.<\/p>\n\n\n\n<p class=\"has-body-text-color has-text-color has-link-color wp-elements-5355feefd92838695e816c1e41711b75\">Assinar uma ficha dando autoriza\u00e7\u00e3o para colocarmos as fotos online e enviar para nossa empresa. A Ag\u00eancia n\u00e3o obriga a renova\u00e7\u00e3o de books de 6 em 6 meses como muitas ag\u00eancias e nem ter que fazer books com nossos fot\u00f3grafos. Nosso objetivo \u00e9 oferecer trabalhos aos nossos MODELOS &amp; ATORES e n\u00e3o tirar dinheiro deles.<\/p>\n\n\n\n<p class=\"has-body-text-color has-text-color has-link-color wp-elements-f418823a1d12abae13c5c480414d701b\">O custo inicial \u00e9 de apenas R$ 75,00. Esse valor \u00e9 para cobrir as despesas com edi\u00e7\u00e3o das fotos, prepara\u00e7\u00e3o de sua p\u00e1gina e estacionamento da p\u00e1gina no servidor. Caso voc\u00ea tenha mudado muito o visual depois de alguns meses, teremos que ter outras fotos novas.<\/p>\n","protected":false},"excerpt":{"rendered":"<p>Para fazer o credenciamento \u00e9 f\u00e1cil, voc\u00ea ter\u00e1 que ter uma aprova\u00e7\u00e3o e enviar algumas [&hellip;]<\/p>\n","protected":false},"author":1,"featured_media":0,"parent":0,"menu_order":0,"comment_status":"closed","ping_status":"closed","template":"","meta":{"_monsterinsights_skip_tracking":false,"_monsterinsights_sitenote_active":false,"_monsterinsights_sitenote_note":"","_monsterinsights_sitenote_category":0,"footnotes":""},"aioseo_notices":[],"_links":{"self":[{"href":"https:\/\/modelosemanequins.com.br\/index.php?rest_route=\/wp\/v2\/pages\/34"}],"collection":[{"href":"https:\/\/modelosemanequins.com.br\/index.php?rest_route=\/wp\/v2\/pages"}],"about":[{"href":"https:\/\/modelosemanequins.com.br\/index.php?rest_route=\/wp\/v2\/types\/page"}],"author":[{"embeddable":true,"href":"https:\/\/modelosemanequins.com.br\/index.php?rest_route=\/wp\/v2\/users\/1"}],"replies":[{"embeddable":true,"href":"https:\/\/modelosemanequins.com.br\/index.php?rest_route=%2Fwp%2Fv2%2Fcomments&post=34"}],"version-history":[{"count":3,"href":"https:\/\/modelosemanequins.com.br\/index.php?rest_route=\/wp\/v2\/pages\/34\/revisions"}],"predecessor-version":[{"id":256,"href":"https:\/\/modelosemanequins.com.br\/index.php?rest_route=\/wp\/v2\/pages\/34\/revisions\/256"}],"wp:attachment":[{"href":"https:\/\/modelosemanequins.com.br\/index.php?rest_route=%2Fwp%2Fv2%2Fmedia&parent=34"}],"curies":[{"name":"wp","href":"https:\/\/api.w.org\/{rel}","templated":true}]}}