{"id":32,"date":"2024-03-07T16:08:20","date_gmt":"2024-03-07T19:08:20","guid":{"rendered":"https:\/\/modelosemanequins.com.br\/?page_id=32"},"modified":"2024-03-10T10:44:23","modified_gmt":"2024-03-10T13:44:23","slug":"como-ser","status":"publish","type":"page","link":"https:\/\/modelosemanequins.com.br\/?page_id=32","title":{"rendered":"Como Ser"},"content":{"rendered":"\n<figure class=\"wp-block-image size-full\"><img loading=\"lazy\" decoding=\"async\" width=\"1024\" height=\"341\" src=\"https:\/\/modelosemanequins.com.br\/wp-content\/uploads\/2024\/03\/IMG_0024.jpg\" alt=\"\" class=\"wp-image-241\"\/><\/figure>\n\n\n\n<p class=\"has-body-text-color has-text-color has-link-color wp-elements-46d4b93bc30aa03f61ff7d1b7f8d67e1\">Ingressar no elenco da EclipseNY Models, ou em qualquer outra ag\u00eancia como ator, modelo ou manequim, n\u00e3o \u00e9 t\u00e3o dif\u00edcil quanto voc\u00ea deve imaginar, apesar da facilidade, existem algumas regras e exig\u00eancias que devem ser consideradas principalmente pelos modelo ou manequim.<\/p>\n\n\n\n<p class=\"has-body-text-color has-text-color has-link-color wp-elements-cbfff53b4e1a9146171dc043ffee3f89\">A EclipseNY Models trabalha com todos os tipos e caracter\u00edsticas, isto porque o mercado n\u00e3o vive s\u00f3 de \u201cTOP MODELS\u201d. Basta ligar a televis\u00e3o ou folhear uma revista que notar\u00e1 que a maioria dos modelos que ilustra os trabalhos de moda, beleza ou mesmo de publicidade, s\u00e3o os mais comuns poss\u00edveis, isto porque aquela ideia de MODELO LINDA E MARAVILHOSA ficou no passado.<\/p>\n\n\n\n<p class=\"has-body-text-color has-text-color has-link-color wp-elements-8c4325fc741ec8cbe1ad702693e02aac\">Nos dias atuais os profissionais do mercado, principalmente da publicidade, entendem que a comunica\u00e7\u00e3o moderna est\u00e1 voltada diretamente para o produto com o consumidor atrav\u00e9s da identifica\u00e7\u00e3o de imagem. Em outras palavras o consumidor se identifica quando um determinado produto anunciado \u00e9 demonstrado por algu\u00e9m que tem a \u201cSUA CARA\u201d e isto acaba determinando o desejo da compra. Apesar da facilidade para o mercado de modelo e manequim, a concorr\u00eancia \u00e9 intensa, e existem 3 TIPOS DE PESSOAS que dela fazem parte:<\/p>\n\n\n\n<p class=\"has-body-text-color has-text-color has-link-color wp-elements-cb7a64be9bb5b9c90123de39bee1c878\">1) As que sabemos que podem dar muito certo no mercado de trabalho.<br>2) As que eventualmente poder\u00e3o dar certo.<br>3) As que jamais ter\u00e3o chances.<\/p>\n\n\n\n<p class=\"has-body-text-color has-text-color has-link-color wp-elements-10974f50b2c5b358501e630cc3af2bd2\">N\u00f3s, profissionais desse mercado, temos algo que em nosso meio \u00e9 chamado de \u201cOLHO CLINICO\u201d para identificar em quais dessas tr\u00eas situa\u00e7\u00f5es se enquadra um(a) modelo ou manequim e definimos quanto a quest\u00e3o de integr\u00e1-la ou n\u00e3o no elenco EclipseNY Models. Portanto antes de qualquer coisa o mais importante \u00e9 passar por uma avalia\u00e7\u00e3o da ag\u00eancia atrav\u00e9s do envio de suas fotos e dados pessoais conforme a seguir:<\/p>\n\n\n\n<p class=\"has-body-text-color has-text-color has-link-color wp-elements-ac4c4abf9504cbfbf51445c993f72c2f\">1) Encaminhar a ag\u00eancia seus dados pessoais tais como: nome, endere\u00e7o, telefone, idade, peso, altura, cor dos olhos, cor dos cabelos, manequim, hobby. No caso de mulheres, fornecer tamb\u00e9m suas medidas como busto, quadril, cintura.<\/p>\n\n\n\n<p class=\"has-body-text-color has-text-color has-link-color wp-elements-f067b56e121e237ef0640131530b73ec\">2) Juntamente com todas estas informa\u00e7\u00f5es deve enviar tamb\u00e9m 3 fotos coloridas, de close e corpo inteiro de prefer\u00eancia mai\u00f4 ou biqu\u00edni, no caso dos homens, a foto de corpo dever\u00e1 ser de sunga ou shorts. Caso n\u00e3o tenha tenha fotos de biquine ou short, envie as fotos que voc\u00ea tem no momento, n\u00e3o gaste dinheiro com books, sem antes olharmos sua foto.<\/p>\n\n\n\n<p class=\"has-body-text-color has-text-color has-link-color wp-elements-e721198ff591cb8b3547b7b6b9c6236e\">3) De prefer\u00eancia FOTOS AMADORAS sem muita produ\u00e7\u00e3o para que seja o mais natural poss\u00edvel, mas essas fotos ser\u00e3o apenas para o julgamento INICIAL.<\/p>\n","protected":false},"excerpt":{"rendered":"<p>Ingressar no elenco da EclipseNY Models, ou em qualquer outra ag\u00eancia como ator, modelo ou [&hellip;]<\/p>\n","protected":false},"author":1,"featured_media":0,"parent":0,"menu_order":0,"comment_status":"closed","ping_status":"closed","template":"","meta":{"_monsterinsights_skip_tracking":false,"_monsterinsights_sitenote_active":false,"_monsterinsights_sitenote_note":"","_monsterinsights_sitenote_category":0,"footnotes":""},"aioseo_notices":[],"_links":{"self":[{"href":"https:\/\/modelosemanequins.com.br\/index.php?rest_route=\/wp\/v2\/pages\/32"}],"collection":[{"href":"https:\/\/modelosemanequins.com.br\/index.php?rest_route=\/wp\/v2\/pages"}],"about":[{"href":"https:\/\/modelosemanequins.com.br\/index.php?rest_route=\/wp\/v2\/types\/page"}],"author":[{"embeddable":true,"href":"https:\/\/modelosemanequins.com.br\/index.php?rest_route=\/wp\/v2\/users\/1"}],"replies":[{"embeddable":true,"href":"https:\/\/modelosemanequins.com.br\/index.php?rest_route=%2Fwp%2Fv2%2Fcomments&post=32"}],"version-history":[{"count":4,"href":"https:\/\/modelosemanequins.com.br\/index.php?rest_route=\/wp\/v2\/pages\/32\/revisions"}],"predecessor-version":[{"id":243,"href":"https:\/\/modelosemanequins.com.br\/index.php?rest_route=\/wp\/v2\/pages\/32\/revisions\/243"}],"wp:attachment":[{"href":"https:\/\/modelosemanequins.com.br\/index.php?rest_route=%2Fwp%2Fv2%2Fmedia&parent=32"}],"curies":[{"name":"wp","href":"https:\/\/api.w.org\/{rel}","templated":true}]}}