{"id":30,"date":"2024-03-07T16:08:02","date_gmt":"2024-03-07T19:08:02","guid":{"rendered":"https:\/\/modelosemanequins.com.br\/?page_id=30"},"modified":"2024-03-10T11:10:36","modified_gmt":"2024-03-10T14:10:36","slug":"femininos","status":"publish","type":"page","link":"https:\/\/modelosemanequins.com.br\/?page_id=30","title":{"rendered":"Femininos"},"content":{"rendered":"\n<figure class=\"wp-block-image size-full\"><img loading=\"lazy\" decoding=\"async\" width=\"1024\" height=\"341\" src=\"https:\/\/modelosemanequins.com.br\/wp-content\/uploads\/2024\/03\/IMG_0024-1.jpg\" alt=\"\" class=\"wp-image-272\"\/><\/figure>\n\n\n\n<p class=\"has-body-text-color has-text-color has-link-color wp-elements-7d13d3315900567074ab3bd598d08154\">Nessa p\u00e1gina voc\u00ea encontra alguns dos nossos MODELOS FEMININOS, garantimos o profissionalismo dos nossos modelos, pois fizeram o Curso de Modelo &amp; Manequim da EclipseNY Models, curso reconhecido pelo SATED.<\/p>\n\n\n\n<p class=\"has-body-text-color has-text-color has-link-color wp-elements-3774b0dd2d2d32d405c5f8fce9c3c6c9\">A nossa empresa possui modelos Femininos, Masculinos e Infantis. N\u00e3o somente no Rio de Janeiro e Belo Horizonte, possu\u00edmos em outros estados tamb\u00e9m.<\/p>\n\n\n\n<p class=\"has-body-text-color has-text-color has-link-color wp-elements-721ef56276fd6c5834951b5c0a44177f\">Alguns modelos est\u00e3o prontos para viagens e aguardando os pr\u00f3ximos trabalhos. Para mais informa\u00e7\u00f5es, entre em contato.<\/p>\n\n\n\n<p class=\"has-body-text-color has-text-color has-link-color wp-elements-5714a0594daf82cf5837793e9fb01dca\">\u2026<\/p>\n\n\n\n<p class=\"has-body-text-color has-text-color has-link-color wp-elements-6a568403756e28649587d48d0a49e9c0\"><strong>ESTAMOS ATUALIZANDO O SITE, EM BREVE OS MODELOS FEMININOS CREDENCIADOS.<\/strong><\/p>\n","protected":false},"excerpt":{"rendered":"<p>Nessa p\u00e1gina voc\u00ea encontra alguns dos nossos MODELOS FEMININOS, garantimos o profissionalismo dos nossos modelos, [&hellip;]<\/p>\n","protected":false},"author":1,"featured_media":0,"parent":0,"menu_order":0,"comment_status":"closed","ping_status":"closed","template":"","meta":{"_monsterinsights_skip_tracking":false,"_monsterinsights_sitenote_active":false,"_monsterinsights_sitenote_note":"","_monsterinsights_sitenote_category":0,"footnotes":""},"aioseo_notices":[],"_links":{"self":[{"href":"https:\/\/modelosemanequins.com.br\/index.php?rest_route=\/wp\/v2\/pages\/30"}],"collection":[{"href":"https:\/\/modelosemanequins.com.br\/index.php?rest_route=\/wp\/v2\/pages"}],"about":[{"href":"https:\/\/modelosemanequins.com.br\/index.php?rest_route=\/wp\/v2\/types\/page"}],"author":[{"embeddable":true,"href":"https:\/\/modelosemanequins.com.br\/index.php?rest_route=\/wp\/v2\/users\/1"}],"replies":[{"embeddable":true,"href":"https:\/\/modelosemanequins.com.br\/index.php?rest_route=%2Fwp%2Fv2%2Fcomments&post=30"}],"version-history":[{"count":3,"href":"https:\/\/modelosemanequins.com.br\/index.php?rest_route=\/wp\/v2\/pages\/30\/revisions"}],"predecessor-version":[{"id":273,"href":"https:\/\/modelosemanequins.com.br\/index.php?rest_route=\/wp\/v2\/pages\/30\/revisions\/273"}],"wp:attachment":[{"href":"https:\/\/modelosemanequins.com.br\/index.php?rest_route=%2Fwp%2Fv2%2Fmedia&parent=30"}],"curies":[{"name":"wp","href":"https:\/\/api.w.org\/{rel}","templated":true}]}}