{"id":28,"date":"2024-03-07T16:07:39","date_gmt":"2024-03-07T19:07:39","guid":{"rendered":"https:\/\/modelosemanequins.com.br\/?page_id=28"},"modified":"2024-03-10T11:15:05","modified_gmt":"2024-03-10T14:15:05","slug":"masculinos","status":"publish","type":"page","link":"https:\/\/modelosemanequins.com.br\/?page_id=28","title":{"rendered":"Masculinos"},"content":{"rendered":"\n<p class=\"has-body-text-color has-text-color has-link-color wp-elements-34325bb39d82a12597fc7e2d92622102\">Nessa p\u00e1gina voc\u00ea encontra alguns dos nossos MODELOS MASCULINOS, garantimos o profissionalismo dos nossos modelos, pois fizeram o Curso de Modelo &amp; Manequim da EclipseNY Models, curso reconhecido pelo SATED.<\/p>\n\n\n\n<p class=\"has-body-text-color has-text-color has-link-color wp-elements-3774b0dd2d2d32d405c5f8fce9c3c6c9\">A nossa empresa possui modelos Femininos, Masculinos e Infantis. N\u00e3o somente no Rio de Janeiro e Belo Horizonte, possu\u00edmos em outros estados tamb\u00e9m.<\/p>\n\n\n\n<p class=\"has-body-text-color has-text-color has-link-color wp-elements-721ef56276fd6c5834951b5c0a44177f\">Alguns modelos est\u00e3o prontos para viagens e aguardando os pr\u00f3ximos trabalhos. Para mais informa\u00e7\u00f5es, entre em contato.<\/p>\n\n\n\n<p class=\"has-body-text-color has-text-color has-link-color wp-elements-5714a0594daf82cf5837793e9fb01dca\">\u2026<\/p>\n\n\n\n<p class=\"has-body-text-color has-text-color has-link-color wp-elements-f7fc869ee81909aca163f62106bd624c\"><strong>ESTAMOS ATUALIZANDO O SITE, EM BREVE OS MODELOS MASCULINOS CREDENCIADOS.<\/strong><\/p>\n\n\n","protected":false},"excerpt":{"rendered":"<p>Nessa p\u00e1gina voc\u00ea encontra alguns dos nossos MODELOS MASCULINOS, garantimos o profissionalismo dos nossos modelos, [&hellip;]<\/p>\n","protected":false},"author":1,"featured_media":0,"parent":0,"menu_order":0,"comment_status":"closed","ping_status":"closed","template":"","meta":{"_monsterinsights_skip_tracking":false,"_monsterinsights_sitenote_active":false,"_monsterinsights_sitenote_note":"","_monsterinsights_sitenote_category":0,"footnotes":""},"aioseo_notices":[],"_links":{"self":[{"href":"https:\/\/modelosemanequins.com.br\/index.php?rest_route=\/wp\/v2\/pages\/28"}],"collection":[{"href":"https:\/\/modelosemanequins.com.br\/index.php?rest_route=\/wp\/v2\/pages"}],"about":[{"href":"https:\/\/modelosemanequins.com.br\/index.php?rest_route=\/wp\/v2\/types\/page"}],"author":[{"embeddable":true,"href":"https:\/\/modelosemanequins.com.br\/index.php?rest_route=\/wp\/v2\/users\/1"}],"replies":[{"embeddable":true,"href":"https:\/\/modelosemanequins.com.br\/index.php?rest_route=%2Fwp%2Fv2%2Fcomments&post=28"}],"version-history":[{"count":3,"href":"https:\/\/modelosemanequins.com.br\/index.php?rest_route=\/wp\/v2\/pages\/28\/revisions"}],"predecessor-version":[{"id":279,"href":"https:\/\/modelosemanequins.com.br\/index.php?rest_route=\/wp\/v2\/pages\/28\/revisions\/279"}],"wp:attachment":[{"href":"https:\/\/modelosemanequins.com.br\/index.php?rest_route=%2Fwp%2Fv2%2Fmedia&parent=28"}],"curies":[{"name":"wp","href":"https:\/\/api.w.org\/{rel}","templated":true}]}}