{"id":24,"date":"2024-03-07T16:06:44","date_gmt":"2024-03-07T19:06:44","guid":{"rendered":"https:\/\/modelosemanequins.com.br\/?page_id=24"},"modified":"2024-03-10T11:32:21","modified_gmt":"2024-03-10T14:32:21","slug":"servicos","status":"publish","type":"page","link":"https:\/\/modelosemanequins.com.br\/?page_id=24","title":{"rendered":"Servi\u00e7os"},"content":{"rendered":"\n<figure class=\"wp-block-image size-full\"><img loading=\"lazy\" decoding=\"async\" width=\"1024\" height=\"341\" src=\"https:\/\/modelosemanequins.com.br\/wp-content\/uploads\/2024\/03\/servicos-1500-x-500-1024x341-1.jpg\" alt=\"\" class=\"wp-image-301\"\/><\/figure>\n\n\n\n<p class=\"has-body-text-color has-text-color has-link-color wp-elements-2f3280f979fb92f7c8472b5327567a4e\">Para<strong>&nbsp;MODELOS &amp; ATORES<\/strong>&nbsp;oferecemos&nbsp;toda infraestrutura, como orienta\u00e7\u00e3o, credenciamento, books promocionais, v\u00eddeo-book, cursos especiais, indica\u00e7\u00f5es para trabalhos e muito mais.<\/p>\n\n\n\n<p class=\"has-body-text-color has-text-color has-link-color wp-elements-998501f60c75ff28eced2fcdde38788e\">Para&nbsp;EMPRESAS&nbsp;oferecemos homens, mulheres e crian\u00e7as para trabalhos diversos como:<\/p>\n\n\n\n<p class=\"has-body-text-color has-text-color has-link-color wp-elements-b17fcbbe748b0d20c571bcc7c5c3cd25\"><strong>Blitz<\/strong><\/p>\n\n\n\n<p class=\"has-body-text-color has-text-color has-link-color wp-elements-a1cb8ab265ddb2c06e5d7062aa4607d9\"><strong>Feiras<\/strong><\/p>\n\n\n\n<p class=\"has-body-text-color has-text-color has-link-color wp-elements-59b88415c9777a19a9b7ff585075b6e7\"><strong>Shows<\/strong><\/p>\n\n\n\n<p class=\"has-body-text-color has-text-color has-link-color wp-elements-e415f03872bd61258389d115764457e1\"><strong>Estandes<\/strong><\/p>\n\n\n\n<p class=\"has-body-text-color has-text-color has-link-color wp-elements-ae0e8230acd5e5f5c40343abd22333de\"><strong>Coquet\u00e9is<\/strong><\/p>\n\n\n\n<p class=\"has-body-text-color has-text-color has-link-color wp-elements-86331165a48124c7045a8c50073c2fb4\"><strong>Recep\u00e7\u00e3o<\/strong><\/p>\n\n\n\n<p class=\"has-body-text-color has-text-color has-link-color wp-elements-b611331c78173d951f8eeeae3b272a39\"><strong>Vitrine Viva<\/strong><\/p>\n\n\n\n<p class=\"has-body-text-color has-text-color has-link-color wp-elements-d16c40899c4c8b5c4ee7270b3fdbd7e5\"><strong>Degusta\u00e7\u00e3o<\/strong><\/p>\n\n\n\n<p class=\"has-body-text-color has-text-color has-link-color wp-elements-b0fe3fc82a58218d571f5f965700bb0d\"><strong>Confraterniza\u00e7\u00f5es<\/strong><\/p>\n\n\n\n<p class=\"has-body-text-color has-text-color has-link-color wp-elements-b17b4cb2be5258f78dee85826a95ab94\"><strong>A\u00e7\u00f5es Promocionais<\/strong><\/p>\n\n\n\n<p class=\"has-body-text-color has-text-color has-link-color wp-elements-1cc5d00fc5757e66720fefa06d0ec965\"><strong>Eventos Corporativos<\/strong><\/p>\n","protected":false},"excerpt":{"rendered":"<p>Para&nbsp;MODELOS &amp; ATORES&nbsp;oferecemos&nbsp;toda infraestrutura, como orienta\u00e7\u00e3o, credenciamento, books promocionais, v\u00eddeo-book, cursos especiais, indica\u00e7\u00f5es para trabalhos [&hellip;]<\/p>\n","protected":false},"author":1,"featured_media":0,"parent":0,"menu_order":0,"comment_status":"closed","ping_status":"closed","template":"","meta":{"_monsterinsights_skip_tracking":false,"_monsterinsights_sitenote_active":false,"_monsterinsights_sitenote_note":"","_monsterinsights_sitenote_category":0,"footnotes":""},"aioseo_notices":[],"_links":{"self":[{"href":"https:\/\/modelosemanequins.com.br\/index.php?rest_route=\/wp\/v2\/pages\/24"}],"collection":[{"href":"https:\/\/modelosemanequins.com.br\/index.php?rest_route=\/wp\/v2\/pages"}],"about":[{"href":"https:\/\/modelosemanequins.com.br\/index.php?rest_route=\/wp\/v2\/types\/page"}],"author":[{"embeddable":true,"href":"https:\/\/modelosemanequins.com.br\/index.php?rest_route=\/wp\/v2\/users\/1"}],"replies":[{"embeddable":true,"href":"https:\/\/modelosemanequins.com.br\/index.php?rest_route=%2Fwp%2Fv2%2Fcomments&post=24"}],"version-history":[{"count":3,"href":"https:\/\/modelosemanequins.com.br\/index.php?rest_route=\/wp\/v2\/pages\/24\/revisions"}],"predecessor-version":[{"id":302,"href":"https:\/\/modelosemanequins.com.br\/index.php?rest_route=\/wp\/v2\/pages\/24\/revisions\/302"}],"wp:attachment":[{"href":"https:\/\/modelosemanequins.com.br\/index.php?rest_route=%2Fwp%2Fv2%2Fmedia&parent=24"}],"curies":[{"name":"wp","href":"https:\/\/api.w.org\/{rel}","templated":true}]}}